{"id":13844,"date":"2025-10-14T11:07:21","date_gmt":"2025-10-14T11:07:21","guid":{"rendered":"https:\/\/kempcenter.com\/?page_id=12930"},"modified":"2025-11-13T12:49:28","modified_gmt":"2025-11-13T11:49:28","slug":"thank-you-page-nail-class","status":"publish","type":"page","link":"https:\/\/kempcenter.com\/pl\/thank-you-page-kurs-stylizacji-paznokci\/","title":{"rendered":"Thank you page &#8211; Kurs Stylizacji Paznokci"},"content":{"rendered":"\n<h2 class=\"wp-block-heading\">Dzi\u0119kujemy za zakup! \ud83c\udf89<\/h2>\n\n\n\n<p>Zam\u00f3wienie zosta\u0142o w\u0142a\u015bnie zrealizowane, dost\u0119p do kursu jest aktywny.<\/p>\n\n\n\n<h3 class=\"wp-block-heading\">Tw\u00f3j kurs:<\/h3>\n\n\n\n<h2 class=\"wp-block-heading\">Kurs Stylizacji Paznokci<\/h2>\n\n\n\n<p>Rozpocznij nauk\u0119 na naszej platformie.<\/p>\n\n\n\n<p><a href=\"https:\/\/courses.kempcenter.com\/\">Rozpocznij nauk\u0119<\/a><\/p>\n\n\n\n<h3 class=\"wp-block-heading\">Co dalej?<\/h3>\n\n\n\n<ol class=\"wp-block-list\">\n<li>Wys\u0142ali\u015bmy e-mail potwierdzaj\u0105cy z danymi dost\u0119pu na adres email podany przy zakupie.<\/li>\n\n\n\n<li>Kliknij powy\u017cej \u201eRozpocznij nauk\u0119\u201d, aby otworzy\u0107 panel kursu.<\/li>\n\n\n\n<li>Je\u015bli jeste\u015b nowym u\u017cytkownikiem, ustaw has\u0142o, korzystaj\u0105c z linku w wiadomo\u015bci e-mail.<\/li>\n<\/ol>\n\n\n\n<p><\/p>\n","protected":false},"excerpt":{"rendered":"<p>Dzi\u0119kujemy za zakup! \ud83c\udf89 Zam\u00f3wienie zosta\u0142o w\u0142a\u015bnie zrealizowane, dost\u0119p do kursu jest aktywny. Tw\u00f3j kurs: Kurs Stylizacji Paznokci Rozpocznij nauk\u0119 na naszej platformie. Rozpocznij nauk\u0119 Co dalej?<\/p>\n","protected":false},"author":4,"featured_media":0,"parent":0,"menu_order":0,"comment_status":"closed","ping_status":"closed","template":"","meta":{"footnotes":""},"categories":[],"tags":[],"class_list":["post-13844","page","type-page","status-publish","hentry"],"_links":{"self":[{"href":"https:\/\/kempcenter.com\/pl\/wp-json\/wp\/v2\/pages\/13844","targetHints":{"allow":["GET"]}}],"collection":[{"href":"https:\/\/kempcenter.com\/pl\/wp-json\/wp\/v2\/pages"}],"about":[{"href":"https:\/\/kempcenter.com\/pl\/wp-json\/wp\/v2\/types\/page"}],"author":[{"embeddable":true,"href":"https:\/\/kempcenter.com\/pl\/wp-json\/wp\/v2\/users\/4"}],"replies":[{"embeddable":true,"href":"https:\/\/kempcenter.com\/pl\/wp-json\/wp\/v2\/comments?post=13844"}],"version-history":[{"count":2,"href":"https:\/\/kempcenter.com\/pl\/wp-json\/wp\/v2\/pages\/13844\/revisions"}],"predecessor-version":[{"id":14369,"href":"https:\/\/kempcenter.com\/pl\/wp-json\/wp\/v2\/pages\/13844\/revisions\/14369"}],"wp:attachment":[{"href":"https:\/\/kempcenter.com\/pl\/wp-json\/wp\/v2\/media?parent=13844"}],"wp:term":[{"taxonomy":"category","embeddable":true,"href":"https:\/\/kempcenter.com\/pl\/wp-json\/wp\/v2\/categories?post=13844"},{"taxonomy":"post_tag","embeddable":true,"href":"https:\/\/kempcenter.com\/pl\/wp-json\/wp\/v2\/tags?post=13844"}],"curies":[{"name":"wp","href":"https:\/\/api.w.org\/{rel}","templated":true}]}}