{"id":12667,"date":"2025-10-14T11:45:06","date_gmt":"2025-10-14T11:45:06","guid":{"rendered":"https:\/\/kempcenter.com\/?page_id=12933"},"modified":"2025-11-13T11:48:38","modified_gmt":"2025-11-13T11:48:38","slug":"thank-you-page-makeup-class","status":"publish","type":"page","link":"https:\/\/kempcenter.com\/fr\/thank-you-page-cours-de-maquillage\/","title":{"rendered":"Thank you page &#8211; Cours de Maquillage"},"content":{"rendered":"\n<h2 class=\"wp-block-heading\">Merci pour votre achat ! \ud83c\udf89<\/h2>\n\n\n\n<p>Votre commande est confirm\u00e9e et votre acc\u00e8s est activ\u00e9.<\/p>\n\n\n\n<h3 class=\"wp-block-heading\">Votre cours :<\/h3>\n\n\n\n<h2 class=\"wp-block-heading\">Cours de Maquillage<\/h2>\n\n\n\n<p>Commencez \u00e0 apprendre imm\u00e9diatement sur notre plateforme.<\/p>\n\n\n\n<p><a href=\"https:\/\/courses.kempcenter.com\/\">Commencer maintenant<\/a><\/p>\n\n\n\n<h3 class=\"wp-block-heading\">Quelle est la suite ?<\/h3>\n\n\n\n<ol class=\"wp-block-list\">\n<li>Nous avons envoy\u00e9 un e-mail de confirmation avec vos identifiants d\u2019acc\u00e8s \u00e0 l\u2019adresse e-mail indiqu\u00e9e lors du paiement.<\/li>\n\n\n\n<li>Cliquez sur \u00ab Commencer maintenant \u00bb ci-dessus pour ouvrir votre tableau de bord du cours.<\/li>\n\n\n\n<li>Si c\u2019est votre premi\u00e8re visite, d\u00e9finissez un mot de passe via le lien pr\u00e9sent dans l\u2019e-mail.<\/li>\n<\/ol>\n\n\n\n<p><\/p>\n","protected":false},"excerpt":{"rendered":"<p>Merci pour votre achat ! \ud83c\udf89 Votre commande est confirm\u00e9e et votre acc\u00e8s est activ\u00e9. Votre cours : Cours de Maquillage Commencez \u00e0 apprendre imm\u00e9diatement sur notre plateforme. Commencer maintenant Quelle est la suite ?<\/p>\n","protected":false},"author":4,"featured_media":0,"parent":0,"menu_order":0,"comment_status":"closed","ping_status":"closed","template":"","meta":{"footnotes":""},"categories":[],"tags":[],"class_list":["post-12667","page","type-page","status-publish","hentry"],"_links":{"self":[{"href":"https:\/\/kempcenter.com\/fr\/wp-json\/wp\/v2\/pages\/12667","targetHints":{"allow":["GET"]}}],"collection":[{"href":"https:\/\/kempcenter.com\/fr\/wp-json\/wp\/v2\/pages"}],"about":[{"href":"https:\/\/kempcenter.com\/fr\/wp-json\/wp\/v2\/types\/page"}],"author":[{"embeddable":true,"href":"https:\/\/kempcenter.com\/fr\/wp-json\/wp\/v2\/users\/4"}],"replies":[{"embeddable":true,"href":"https:\/\/kempcenter.com\/fr\/wp-json\/wp\/v2\/comments?post=12667"}],"version-history":[{"count":2,"href":"https:\/\/kempcenter.com\/fr\/wp-json\/wp\/v2\/pages\/12667\/revisions"}],"predecessor-version":[{"id":13128,"href":"https:\/\/kempcenter.com\/fr\/wp-json\/wp\/v2\/pages\/12667\/revisions\/13128"}],"wp:attachment":[{"href":"https:\/\/kempcenter.com\/fr\/wp-json\/wp\/v2\/media?parent=12667"}],"wp:term":[{"taxonomy":"category","embeddable":true,"href":"https:\/\/kempcenter.com\/fr\/wp-json\/wp\/v2\/categories?post=12667"},{"taxonomy":"post_tag","embeddable":true,"href":"https:\/\/kempcenter.com\/fr\/wp-json\/wp\/v2\/tags?post=12667"}],"curies":[{"name":"wp","href":"https:\/\/api.w.org\/{rel}","templated":true}]}}